{"id":3446,"date":"2023-04-12T09:48:11","date_gmt":"2023-04-12T07:48:11","guid":{"rendered":"https:\/\/oetztal2022.cloud03.webhome.at\/blog\/?page_id=3446"},"modified":"2023-04-12T15:45:17","modified_gmt":"2023-04-12T13:45:17","slug":"das-oetztal","status":"publish","type":"page","link":"https:\/\/www.oetztal.at\/blog\/das-oetztal\/","title":{"rendered":"Das \u00d6tztal"},"content":{"rendered":"\n<p>Das \u00d6tztal ist das l\u00e4ngste Seitental des Inntales und besteht aus den f\u00fcnf Gemeinden Sautens, Oetz, Umhausen, L\u00e4ngenfeld und S\u00f6lden. Das \u00d6tztal wird nicht umsonst \u201eder H\u00f6hepunkt Tirols\u201c genannt. Das \u00d6tztal punktet mit seiner \u00fcberw\u00e4ltigenden Natursch\u00f6nheit und der Vielfalt an Attraktionen sowie dem abwechslungsreichen Urlaubsprogramm.<\/p>\n\n\n\n<p>Hier finden Sie Informationen zu den einzelnen Gemeinden im \u00d6tztal.<\/p>\n\n\n\n<div class=\"wp-block-columns alignwide is-layout-flex wp-container-core-columns-is-layout-d2da2050 wp-block-columns-is-layout-flex\" style=\"margin-bottom:0\">\n<div class=\"wp-block-column has-kenta-base-200-background-color has-text-color has-background has-link-color wp-elements-7388572331b601b654cd18ff516aa9a6 is-layout-flow wp-block-column-is-layout-flow\" style=\"color:#000000;padding-top:2em;padding-right:2em;padding-bottom:2em;padding-left:2em\">\n<h2 class=\"wp-block-heading\" id=\"single\" style=\"font-size:clamp(24.034px, 1.502rem + ((1vw - 3.2px) * 1.947), 40px);\"><strong>Sautens<\/strong><\/h2>\n\n\n\n<p class=\"has-normal-font-size\" style=\"line-height:1.5\">Sautens \u2013 das Tor zum \u00d6tztal, ist der perfekte Ausgangspunkt f\u00fcr alle Urlauber.<\/p>\n\n\n\n<figure class=\"wp-block-image size-large\"><img loading=\"lazy\" decoding=\"async\" width=\"1024\" height=\"683\" src=\"https:\/\/www.oetztal.at\/blog\/wp-content\/uploads\/2023\/04\/sautens_sommer-2-1024x683.jpg\" alt=\"\" class=\"wp-image-3505\" srcset=\"https:\/\/www.oetztal.at\/blog\/wp-content\/uploads\/2023\/04\/sautens_sommer-2-1024x683.jpg 1024w, https:\/\/www.oetztal.at\/blog\/wp-content\/uploads\/2023\/04\/sautens_sommer-2-300x200.jpg 300w, https:\/\/www.oetztal.at\/blog\/wp-content\/uploads\/2023\/04\/sautens_sommer-2-768x512.jpg 768w, https:\/\/www.oetztal.at\/blog\/wp-content\/uploads\/2023\/04\/sautens_sommer-2.jpg 1200w\" sizes=\"auto, (max-width: 1024px) 100vw, 1024px\" \/><\/figure>\n\n\n\n<p class=\"has-normal-font-size\">Egal ob Jung oder Alt, Abenteuerurlauber oder Naturliebhaber hier findet jeder das passende Angebot. Naturschutzgebiete, hohe Berge, Schluchten und wilde Wasser lassen Urlauberherzen h\u00f6her schlagen.<\/p>\n\n\n\n<div class=\"wp-block-buttons alignwide is-horizontal is-content-justification-center is-layout-flex wp-container-core-buttons-is-layout-03627597 wp-block-buttons-is-layout-flex\">\n<div class=\"wp-block-button\"><a class=\"wp-block-button__link wp-element-button\" href=\"https:\/\/www.oetztal.at\/tourismus\/orte\/sautens.html\" target=\"_blank\" rel=\"noreferrer noopener\">mehr erfahren<\/a><\/div>\n<\/div>\n<\/div>\n\n\n\n<div class=\"wp-block-column has-kenta-base-200-background-color has-text-color has-background has-link-color wp-elements-ce38529a6b6124cc31cea185cca7ec58 is-layout-flow wp-block-column-is-layout-flow\" style=\"color:#000000;padding-top:2em;padding-right:2em;padding-bottom:2em;padding-left:2em\">\n<h2 class=\"wp-block-heading\" id=\"single\" style=\"font-size:clamp(24.034px, 1.502rem + ((1vw - 3.2px) * 1.947), 40px);\"><strong>Oetz<\/strong><\/h2>\n\n\n\n<p class=\"has-normal-font-size\" style=\"line-height:1.5\">Der Ort Oetz ist das Zentrum des vorderen \u00d6tztals.Wundersch\u00f6n gelegen, umgeben von satten Wiesen und W\u00e4ldern<\/p>\n\n\n\n<figure class=\"wp-block-gallery has-nested-images columns-default is-cropped wp-block-gallery-1 is-layout-flex wp-block-gallery-is-layout-flex\">\n<figure class=\"wp-block-image size-large\"><img loading=\"lazy\" decoding=\"async\" width=\"1024\" height=\"683\" data-id=\"3506\" src=\"https:\/\/www.oetztal.at\/blog\/wp-content\/uploads\/2023\/04\/oetz_sommer2-1024x683.jpg\" alt=\"\" class=\"wp-image-3506\" srcset=\"https:\/\/www.oetztal.at\/blog\/wp-content\/uploads\/2023\/04\/oetz_sommer2-1024x683.jpg 1024w, https:\/\/www.oetztal.at\/blog\/wp-content\/uploads\/2023\/04\/oetz_sommer2-300x200.jpg 300w, https:\/\/www.oetztal.at\/blog\/wp-content\/uploads\/2023\/04\/oetz_sommer2-768x512.jpg 768w, https:\/\/www.oetztal.at\/blog\/wp-content\/uploads\/2023\/04\/oetz_sommer2.jpg 1200w\" sizes=\"auto, (max-width: 1024px) 100vw, 1024px\" \/><\/figure>\n<\/figure>\n\n\n\n<p class=\"has-normal-font-size\">Gem\u00fctliche H\u00fcttenabende sowie ein entspannter Spaziergang durch den alten Ortskern mit historisch sehenswerten Geb\u00e4uden machen Oetz zu einem beliebten Urlaubsort. <\/p>\n\n\n\n<div class=\"wp-block-buttons alignwide is-horizontal is-content-justification-center is-layout-flex wp-container-core-buttons-is-layout-03627597 wp-block-buttons-is-layout-flex\">\n<div class=\"wp-block-button\"><a class=\"wp-block-button__link wp-element-button\" href=\"https:\/\/www.oetztal.at\/tourismus\/orte\/oetz.html\" target=\"_blank\" rel=\"noreferrer noopener\">mehr erfahren<\/a><\/div>\n<\/div>\n<\/div>\n<\/div>\n\n\n\n<p><\/p>\n\n\n\n<p><\/p>\n\n\n\n<div class=\"wp-block-columns alignwide is-layout-flex wp-container-core-columns-is-layout-d2da2050 wp-block-columns-is-layout-flex\" style=\"margin-bottom:0\">\n<div class=\"wp-block-column has-kenta-base-200-background-color has-text-color has-background has-link-color wp-elements-aeafc445172bd721a211fd46c06fb054 is-layout-flow wp-block-column-is-layout-flow\" style=\"color:#000000;padding-top:2em;padding-right:2em;padding-bottom:2em;padding-left:2em\">\n<h2 class=\"wp-block-heading\" id=\"single\" style=\"font-size:clamp(24.034px, 1.502rem + ((1vw - 3.2px) * 1.947), 40px);\"><strong>Umhausen<\/strong><\/h2>\n\n\n\n<p class=\"has-normal-font-size\" style=\"line-height:1.5\">In der Mitte des \u00d6tztals zaubert die Natur ein Kaleidoskop an farbenpr\u00e4chtigen Eindr\u00fccken.<\/p>\n\n\n\n<figure class=\"wp-block-image size-large\"><img loading=\"lazy\" decoding=\"async\" width=\"1024\" height=\"683\" src=\"https:\/\/www.oetztal.at\/blog\/wp-content\/uploads\/2023\/04\/umhausen_sommer-1024x683.jpg\" alt=\"\" class=\"wp-image-3518\" srcset=\"https:\/\/www.oetztal.at\/blog\/wp-content\/uploads\/2023\/04\/umhausen_sommer-1024x683.jpg 1024w, https:\/\/www.oetztal.at\/blog\/wp-content\/uploads\/2023\/04\/umhausen_sommer-300x200.jpg 300w, https:\/\/www.oetztal.at\/blog\/wp-content\/uploads\/2023\/04\/umhausen_sommer-768x512.jpg 768w, https:\/\/www.oetztal.at\/blog\/wp-content\/uploads\/2023\/04\/umhausen_sommer.jpg 1200w\" sizes=\"auto, (max-width: 1024px) 100vw, 1024px\" \/><\/figure>\n\n\n\n<p class=\"has-normal-font-size\">In der Mitte des \u00d6tztales befindet sich die Familienregion Umhausen. Touristenatraktionen wie das \u00d6tzi Dorf und der Stuibenfall geh\u00f6ren zur Gemeinde Umhausen. Umhausen ist der Ausgangspunkt f\u00fcr zahlreiche Wandertouren und Hochgebirgstouren. Der Badesee in Umhausen bietet im Sommer Spa\u00df f\u00fcr die gesamte Familie. Im Winter ist das famili\u00e4re Skigebiet Niederthai bequem mit dem Auto erreichbar.<\/p>\n\n\n\n<div class=\"wp-block-buttons alignwide is-horizontal is-content-justification-center is-layout-flex wp-container-core-buttons-is-layout-03627597 wp-block-buttons-is-layout-flex\">\n<div class=\"wp-block-button\"><a class=\"wp-block-button__link wp-element-button\" href=\"https:\/\/www.oetztal.at\/tourismus\/orte\/umhausen.html\" target=\"_blank\" rel=\"noreferrer noopener\">mehr erfahren<\/a><\/div>\n<\/div>\n<\/div>\n\n\n\n<div class=\"wp-block-column has-kenta-base-200-background-color has-text-color has-background has-link-color wp-elements-327f974b5e13b39fe6b0c3c466b988d3 is-layout-flow wp-block-column-is-layout-flow\" style=\"color:#000000;padding-top:2em;padding-right:2em;padding-bottom:2em;padding-left:2em\">\n<h2 class=\"wp-block-heading\" id=\"single\" style=\"font-size:clamp(24.034px, 1.502rem + ((1vw - 3.2px) * 1.947), 40px);\"><strong>L\u00e4ngenfeld<\/strong><\/h2>\n\n\n\n<p class=\"has-normal-font-size\" style=\"line-height:1.5\">Die Besonderheit von L\u00e4ngenfeld liegt in der Weite und Sanftheit der Umgebung.<\/p>\n\n\n\n<figure class=\"wp-block-gallery has-nested-images columns-default is-cropped wp-block-gallery-2 is-layout-flex wp-block-gallery-is-layout-flex\">\n<figure class=\"wp-block-image size-large\"><img loading=\"lazy\" decoding=\"async\" width=\"1024\" height=\"683\" data-id=\"3519\" src=\"https:\/\/www.oetztal.at\/blog\/wp-content\/uploads\/2023\/04\/laengenfeld_sommer-1024x683.jpg\" alt=\"\" class=\"wp-image-3519\" srcset=\"https:\/\/www.oetztal.at\/blog\/wp-content\/uploads\/2023\/04\/laengenfeld_sommer-1024x683.jpg 1024w, https:\/\/www.oetztal.at\/blog\/wp-content\/uploads\/2023\/04\/laengenfeld_sommer-300x200.jpg 300w, https:\/\/www.oetztal.at\/blog\/wp-content\/uploads\/2023\/04\/laengenfeld_sommer-768x512.jpg 768w, https:\/\/www.oetztal.at\/blog\/wp-content\/uploads\/2023\/04\/laengenfeld_sommer.jpg 1200w\" sizes=\"auto, (max-width: 1024px) 100vw, 1024px\" \/><\/figure>\n<\/figure>\n\n\n\n<p class=\"has-normal-font-size\">Kraft tanken \u2013 in der Natur und in den Bergen. L\u00e4ngenfeld zeichnet sich durch seine wundersch\u00f6ne Weite umrahmt von eindrucksvollen Gipfeln aus. L\u00e4ngenfeld gilt als \u201eErholungsort im \u00d6tztal\u201c. Die Therme L\u00e4ngenfeld (Aqua Dome) sowie die gem\u00fctliche Atmosph\u00e4re des Dorfes bieten dem Urlauber pure Entspannung. Das Unterkunftsangebot erstreckt sich \u00fcber alle Kategorien, somit ist f\u00fcr jeden Urlauber das passende Angebot dabei.<\/p>\n\n\n\n<div class=\"wp-block-buttons alignwide is-horizontal is-content-justification-center is-layout-flex wp-container-core-buttons-is-layout-03627597 wp-block-buttons-is-layout-flex\">\n<div class=\"wp-block-button\"><a class=\"wp-block-button__link wp-element-button\" href=\"https:\/\/www.oetztal.at\/tourismus\/orte\/laengenfeld.html\" target=\"_blank\" rel=\"noreferrer noopener\">mehr erfahren<\/a><\/div>\n<\/div>\n<\/div>\n<\/div>\n\n\n\n<p><\/p>\n\n\n\n<p><\/p>\n\n\n\n<p><\/p>\n\n\n\n<p><\/p>\n\n\n\n<div class=\"wp-block-columns alignwide is-layout-flex wp-container-core-columns-is-layout-d2da2050 wp-block-columns-is-layout-flex\" style=\"margin-bottom:0\">\n<div class=\"wp-block-column has-kenta-base-200-background-color has-text-color has-background has-link-color wp-elements-a0e78bcebd964d9c7109eb12ca4c7ffc is-layout-flow wp-block-column-is-layout-flow\" style=\"color:#000000;padding-top:2em;padding-right:2em;padding-bottom:2em;padding-left:2em\">\n<h2 class=\"wp-block-heading\" id=\"single\" style=\"font-size:clamp(24.034px, 1.502rem + ((1vw - 3.2px) * 1.947), 40px);\"><strong>S\u00f6lden<\/strong><\/h2>\n\n\n\n<p class=\"has-normal-font-size\" style=\"line-height:1.5\">Seinen Ruf als Wintersportdestination hat S\u00f6lden nicht nur seinem ausgezeichneten Angebot an Pisten und Seilbahnen zu verdanken<\/p>\n\n\n\n<figure class=\"wp-block-image size-large\"><img loading=\"lazy\" decoding=\"async\" width=\"1024\" height=\"683\" src=\"https:\/\/www.oetztal.at\/blog\/wp-content\/uploads\/2023\/04\/soelden_sommer-1024x683.jpg\" alt=\"\" class=\"wp-image-3522\" srcset=\"https:\/\/www.oetztal.at\/blog\/wp-content\/uploads\/2023\/04\/soelden_sommer-1024x683.jpg 1024w, https:\/\/www.oetztal.at\/blog\/wp-content\/uploads\/2023\/04\/soelden_sommer-300x200.jpg 300w, https:\/\/www.oetztal.at\/blog\/wp-content\/uploads\/2023\/04\/soelden_sommer-768x512.jpg 768w, https:\/\/www.oetztal.at\/blog\/wp-content\/uploads\/2023\/04\/soelden_sommer.jpg 1200w\" sizes=\"auto, (max-width: 1024px) 100vw, 1024px\" \/><\/figure>\n\n\n\n<p class=\"has-normal-font-size\">S\u00f6lden ist die flachenm\u00e4\u00dfig gr\u00f6\u00dfste Gemeinde \u00d6sterreichs und eines der bekanntesten Skizentren Europas. Schnee, Sonne, Spa\u00df, skifahren und noch viel mehr erwartet Sie in S\u00f6lden. S\u00f6lden bietet eine weite Bandbreite an verschiedensten Aktivit\u00e4ten f\u00fcr Winter- und Sommerurlauber. Von skifahren, rodeln, langlaufen bis hin zu wandern, bergsteigen und biken, hier findet jeder Urlauber das passende Freizeitangebot. Nicht nur das Freizeitangebot punktet bei den zahlreichen Besuchern, auch das Unterkunftsangebot in S\u00f6lden l\u00e4sst keine W\u00fcnsche offen.<\/p>\n\n\n\n<div class=\"wp-block-buttons alignwide is-horizontal is-content-justification-center is-layout-flex wp-container-core-buttons-is-layout-03627597 wp-block-buttons-is-layout-flex\">\n<div class=\"wp-block-button\"><a class=\"wp-block-button__link wp-element-button\" href=\"https:\/\/www.oetztal.at\/tourismus\/orte\/soelden.html\" target=\"_blank\" rel=\"noreferrer noopener\">mehr erfahren<\/a><\/div>\n<\/div>\n<\/div>\n\n\n\n<div class=\"wp-block-column has-kenta-base-200-background-color has-text-color has-background has-link-color wp-elements-e3aeb98a91c06ad25c0bcd373c620577 is-layout-flow wp-block-column-is-layout-flow\" style=\"color:#000000;padding-top:2em;padding-right:2em;padding-bottom:2em;padding-left:2em\">\n<h2 class=\"wp-block-heading\" id=\"single\" style=\"font-size:clamp(24.034px, 1.502rem + ((1vw - 3.2px) * 1.947), 40px);\"><strong>Gurgl<\/strong><\/h2>\n\n\n\n<p class=\"has-normal-font-size\" style=\"line-height:1.5\">Die beiden Orte Obergurgl und Hochgurgl werden als die \u201eDiamanten der Alpen\u201c bezeichnet<\/p>\n\n\n\n<figure class=\"wp-block-gallery has-nested-images columns-default is-cropped wp-block-gallery-3 is-layout-flex wp-block-gallery-is-layout-flex\">\n<figure class=\"wp-block-image size-large\"><img loading=\"lazy\" decoding=\"async\" width=\"1024\" height=\"683\" data-id=\"3521\" src=\"https:\/\/www.oetztal.at\/blog\/wp-content\/uploads\/2023\/04\/oghg_sommer-1024x683.jpg\" alt=\"\" class=\"wp-image-3521\" srcset=\"https:\/\/www.oetztal.at\/blog\/wp-content\/uploads\/2023\/04\/oghg_sommer-1024x683.jpg 1024w, https:\/\/www.oetztal.at\/blog\/wp-content\/uploads\/2023\/04\/oghg_sommer-300x200.jpg 300w, https:\/\/www.oetztal.at\/blog\/wp-content\/uploads\/2023\/04\/oghg_sommer-768x512.jpg 768w, https:\/\/www.oetztal.at\/blog\/wp-content\/uploads\/2023\/04\/oghg_sommer.jpg 1200w\" sizes=\"auto, (max-width: 1024px) 100vw, 1024px\" \/><\/figure>\n<\/figure>\n\n\n\n<p class=\"has-normal-font-size\">Absoluten Hochgenuss in allen Belangen bieten Obergurgl und Hochgurgl, gelegen am Ende des \u00d6tztals in Tirol. Schneesicherheit gilt hier als Selbstverst\u00e4ndlichkeit und so ist es nicht verwunderlich, dass man hier regelm\u00e4\u00dfig als erstes Skigebiet der Alpen schon Mitte November die Saison er\u00f6ffnet. Hier beginnt das Skigebiet dort, wo es anderswo l\u00e4ngst aufgeh\u00f6rt hat: Von 1.900 Meter bis \u00fcber 3.000 Meter erstrecken sich die zwei verbundenen\u00a0Skigebiete Obergurgl und Hochgurgl\u00a0mit 110 Kilometer Abfahrten sowie 24 Bahnen und Liften.<\/p>\n\n\n\n<div class=\"wp-block-buttons alignwide is-horizontal is-content-justification-center is-layout-flex wp-container-core-buttons-is-layout-03627597 wp-block-buttons-is-layout-flex\">\n<div class=\"wp-block-button\"><a class=\"wp-block-button__link wp-element-button\" href=\"https:\/\/www.oetztal.at\/tourismus\/orte\/obergurgl-hochgurgl.html\">mehr erfahren<\/a><\/div>\n<\/div>\n<\/div>\n<\/div>\n","protected":false},"excerpt":{"rendered":"<p>Das \u00d6tztal ist das l\u00e4ngste Seitental des Inntales und besteht aus den f\u00fcnf Gemeinden Sautens, Oetz, Umhausen, L\u00e4ngenfeld und S\u00f6lden. Das \u00d6tztal wird nicht umsonst \u201eder H\u00f6hepunkt Tirols\u201c genannt. Das \u00d6tztal punktet mit seiner \u00fcberw\u00e4ltigenden Natursch\u00f6nheit und der Vielfalt an Attraktionen sowie dem abwechslungsreichen Urlaubsprogramm. Hier finden Sie Informationen zu den einzelnen Gemeinden im \u00d6tztal. [&hellip;]<\/p>\n","protected":false},"author":2,"featured_media":0,"parent":0,"menu_order":0,"comment_status":"closed","ping_status":"closed","template":"","meta":{"site-container-style":"default","site-container-layout":"default","site-sidebar-layout":"default","site-transparent-header":"default","disable-article-header":"default","disable-site-header":"default","disable-site-footer":"default","disable-content-area-spacing":"default","footnotes":""},"class_list":["post-3446","page","type-page","status-publish","hentry"],"_links":{"self":[{"href":"https:\/\/www.oetztal.at\/blog\/wp-json\/wp\/v2\/pages\/3446","targetHints":{"allow":["GET"]}}],"collection":[{"href":"https:\/\/www.oetztal.at\/blog\/wp-json\/wp\/v2\/pages"}],"about":[{"href":"https:\/\/www.oetztal.at\/blog\/wp-json\/wp\/v2\/types\/page"}],"author":[{"embeddable":true,"href":"https:\/\/www.oetztal.at\/blog\/wp-json\/wp\/v2\/users\/2"}],"replies":[{"embeddable":true,"href":"https:\/\/www.oetztal.at\/blog\/wp-json\/wp\/v2\/comments?post=3446"}],"version-history":[{"count":14,"href":"https:\/\/www.oetztal.at\/blog\/wp-json\/wp\/v2\/pages\/3446\/revisions"}],"predecessor-version":[{"id":3525,"href":"https:\/\/www.oetztal.at\/blog\/wp-json\/wp\/v2\/pages\/3446\/revisions\/3525"}],"wp:attachment":[{"href":"https:\/\/www.oetztal.at\/blog\/wp-json\/wp\/v2\/media?parent=3446"}],"curies":[{"name":"wp","href":"https:\/\/api.w.org\/{rel}","templated":true}]}}